{"id":3407,"date":"2026-01-15T12:50:39","date_gmt":"2026-01-15T11:50:39","guid":{"rendered":"https:\/\/www.creatucamper.com\/?post_type=product&#038;p=3407"},"modified":"2026-01-15T12:50:39","modified_gmt":"2026-01-15T11:50:39","slug":"painel-solar-portatil-220w-12v-bifacial-ecoflow","status":"publish","type":"product","link":"https:\/\/www.creatucamper.com\/pt-pt\/produto\/painel-solar-portatil-220w-12v-bifacial-ecoflow\/","title":{"rendered":"Painel Solar Port\u00e1til 220W 12V Bifacial EcoFlow"},"content":{"rendered":"","protected":false},"excerpt":{"rendered":"<ul>\n<li>\n<p data-path-to-node=\"4,0,0\"><b data-path-to-node=\"4,0,0\" data-index-in-node=\"0\">Design Bifacial 2 em 1:<\/b> Lado frontal de 220W e posterior de 155W para um ganho de at\u00e9 25% na capta\u00e7\u00e3o solar.<\/p>\n<\/li>\n<li>\n<p data-path-to-node=\"4,1,0\"><b data-path-to-node=\"4,1,0\" data-index-in-node=\"0\">Vidro Temperado de Alta Resist\u00eancia:<\/b> Cinco vezes mais dur\u00e1vel do que pain\u00e9is convencionais e constru\u00eddo numa \u00fanica pe\u00e7a.<\/p>\n<\/li>\n<li>\n<p data-path-to-node=\"4,2,0\"><b data-path-to-node=\"4,2,0\" data-index-in-node=\"0\">Ultra Port\u00e1til:<\/b> Design compacto e leve, facilitando o transporte e a arruma\u00e7\u00e3o.<\/p>\n<\/li>\n<li>\n<p data-path-to-node=\"4,3,0\"><b data-path-to-node=\"4,3,0\" data-index-in-node=\"0\">Prote\u00e7\u00e3o IP68:<\/b> Totalmente resistente \u00e0 \u00e1gua e ao p\u00f3, preparado para as condi\u00e7\u00f5es meteorol\u00f3gicas mais exigentes.<\/p>\n<\/li>\n<li>\n<p data-path-to-node=\"4,4,0\"><b data-path-to-node=\"4,4,0\" data-index-in-node=\"0\">Efici\u00eancia M\u00e1xima:<\/b> Otimizado para funcionar com reguladores MPPT.<\/p>\n<\/li>\n<\/ul>\n","protected":false},"featured_media":3409,"comment_status":"closed","ping_status":"closed","template":"","meta":[],"product_brand":[],"product_cat":[75],"product_tag":[],"class_list":{"0":"post-3407","1":"product","2":"type-product","3":"status-publish","4":"has-post-thumbnail","6":"product_cat-sem-categoria","8":"first","9":"instock","10":"shipping-taxable","11":"purchasable","12":"product-type-simple"},"yoast_head":"<!-- This site is optimized with the Yoast SEO Premium plugin v18.2.1 (Yoast SEO v26.8) - https:\/\/yoast.com\/product\/yoast-seo-premium-wordpress\/ -->\n<title>Painel Solar Port\u00e1til 220W 12V Bifacial EcoFlow &#8226; Crea tu Camper<\/title>\n<meta name=\"robots\" content=\"index, follow, max-snippet:-1, max-image-preview:large, max-video-preview:-1\" \/>\n<link rel=\"canonical\" href=\"https:\/\/www.creatucamper.com\/pt-pt\/produto\/painel-solar-portatil-220w-12v-bifacial-ecoflow\/\" \/>\n<meta property=\"og:locale\" content=\"pt_PT\" \/>\n<meta property=\"og:type\" content=\"article\" \/>\n<meta property=\"og:title\" content=\"Painel Solar Port\u00e1til 220W 12V Bifacial EcoFlow\" \/>\n<meta property=\"og:description\" content=\"Design Bifacial 2 em 1: Lado frontal de 220W e posterior de 155W para um ganho de at\u00e9 25% na capta\u00e7\u00e3o solar.    Vidro Temperado de Alta Resist\u00eancia: Cinco vezes mais dur\u00e1vel do que pain\u00e9is convencionais e constru\u00eddo numa \u00fanica pe\u00e7a.    Ultra Port\u00e1til: Design compacto e leve, facilitando o transporte e a arruma\u00e7\u00e3o.    Prote\u00e7\u00e3o IP68: Totalmente resistente \u00e0 \u00e1gua e ao p\u00f3, preparado para as condi\u00e7\u00f5es meteorol\u00f3gicas mais exigentes.    Efici\u00eancia M\u00e1xima: Otimizado para funcionar com reguladores MPPT.\" \/>\n<meta property=\"og:url\" content=\"https:\/\/www.creatucamper.com\/pt-pt\/produto\/painel-solar-portatil-220w-12v-bifacial-ecoflow\/\" \/>\n<meta property=\"og:site_name\" content=\"Crea tu Camper\" \/>\n<meta property=\"og:image\" content=\"https:\/\/www.creatucamper.com\/wp-content\/uploads\/panel-solar-portatil-220w-12v-bifacial-ecoflow-thumb.webp\" \/>\n\t<meta property=\"og:image:width\" content=\"250\" \/>\n\t<meta property=\"og:image:height\" content=\"250\" \/>\n\t<meta property=\"og:image:type\" content=\"image\/webp\" \/>\n<meta name=\"twitter:card\" content=\"summary_large_image\" \/>\n<meta name=\"twitter:label1\" content=\"Est. reading time\" \/>\n\t<meta name=\"twitter:data1\" content=\"1 minute\" \/>\n<script type=\"application\/ld+json\" class=\"yoast-schema-graph\">{\"@context\":\"https:\/\/schema.org\",\"@graph\":[{\"@type\":\"WebPage\",\"@id\":\"https:\/\/www.creatucamper.com\/pt-pt\/produto\/painel-solar-portatil-220w-12v-bifacial-ecoflow\/\",\"url\":\"https:\/\/www.creatucamper.com\/pt-pt\/produto\/painel-solar-portatil-220w-12v-bifacial-ecoflow\/\",\"name\":\"Painel Solar Port\u00e1til 220W 12V Bifacial EcoFlow &#8226; Crea tu Camper\",\"isPartOf\":{\"@id\":\"https:\/\/www.creatucamper.com\/#website\"},\"primaryImageOfPage\":{\"@id\":\"https:\/\/www.creatucamper.com\/pt-pt\/produto\/painel-solar-portatil-220w-12v-bifacial-ecoflow\/#primaryimage\"},\"image\":{\"@id\":\"https:\/\/www.creatucamper.com\/pt-pt\/produto\/painel-solar-portatil-220w-12v-bifacial-ecoflow\/#primaryimage\"},\"thumbnailUrl\":\"https:\/\/www.creatucamper.com\/wp-content\/uploads\/panel-solar-portatil-220w-12v-bifacial-ecoflow-thumb.webp\",\"datePublished\":\"2026-01-15T11:50:39+00:00\",\"breadcrumb\":{\"@id\":\"https:\/\/www.creatucamper.com\/pt-pt\/produto\/painel-solar-portatil-220w-12v-bifacial-ecoflow\/#breadcrumb\"},\"inLanguage\":\"PT\",\"potentialAction\":[{\"@type\":\"ReadAction\",\"target\":[\"https:\/\/www.creatucamper.com\/pt-pt\/produto\/painel-solar-portatil-220w-12v-bifacial-ecoflow\/\"]}]},{\"@type\":\"ImageObject\",\"inLanguage\":\"PT\",\"@id\":\"https:\/\/www.creatucamper.com\/pt-pt\/produto\/painel-solar-portatil-220w-12v-bifacial-ecoflow\/#primaryimage\",\"url\":\"https:\/\/www.creatucamper.com\/wp-content\/uploads\/panel-solar-portatil-220w-12v-bifacial-ecoflow-thumb.webp\",\"contentUrl\":\"https:\/\/www.creatucamper.com\/wp-content\/uploads\/panel-solar-portatil-220w-12v-bifacial-ecoflow-thumb.webp\",\"width\":250,\"height\":250},{\"@type\":\"BreadcrumbList\",\"@id\":\"https:\/\/www.creatucamper.com\/pt-pt\/produto\/painel-solar-portatil-220w-12v-bifacial-ecoflow\/#breadcrumb\",\"itemListElement\":[{\"@type\":\"ListItem\",\"position\":1,\"name\":\"Portada\",\"item\":\"https:\/\/www.creatucamper.com\/\"},{\"@type\":\"ListItem\",\"position\":2,\"name\":\"Loja\",\"item\":\"https:\/\/www.creatucamper.com\/pt-pt\/loja\/\"},{\"@type\":\"ListItem\",\"position\":3,\"name\":\"Painel Solar Port\u00e1til 220W 12V Bifacial EcoFlow\"}]},{\"@type\":\"WebSite\",\"@id\":\"https:\/\/www.creatucamper.com\/#website\",\"url\":\"https:\/\/www.creatucamper.com\/\",\"name\":\"Crea tu Camper\",\"description\":\"Especialistas en venta y camperizaci\u00f3n de furgonetas\",\"publisher\":{\"@id\":\"https:\/\/www.creatucamper.com\/#organization\"},\"potentialAction\":[{\"@type\":\"SearchAction\",\"target\":{\"@type\":\"EntryPoint\",\"urlTemplate\":\"https:\/\/www.creatucamper.com\/?s={search_term_string}\"},\"query-input\":{\"@type\":\"PropertyValueSpecification\",\"valueRequired\":true,\"valueName\":\"search_term_string\"}}],\"inLanguage\":\"PT\"},{\"@type\":\"Organization\",\"@id\":\"https:\/\/www.creatucamper.com\/#organization\",\"name\":\"Crea tu Camper\",\"url\":\"https:\/\/www.creatucamper.com\/\",\"logo\":{\"@type\":\"ImageObject\",\"inLanguage\":\"PT\",\"@id\":\"https:\/\/www.creatucamper.com\/#\/schema\/logo\/image\/\",\"url\":\"https:\/\/www.creatucamper.com\/wp-content\/uploads\/LogoCreaTuCamperTransparente.png\",\"contentUrl\":\"https:\/\/www.creatucamper.com\/wp-content\/uploads\/LogoCreaTuCamperTransparente.png\",\"width\":200,\"height\":191,\"caption\":\"Crea tu Camper\"},\"image\":{\"@id\":\"https:\/\/www.creatucamper.com\/#\/schema\/logo\/image\/\"}}]}<\/script>\n<!-- \/ Yoast SEO Premium plugin. -->","yoast_head_json":{"title":"Painel Solar Port\u00e1til 220W 12V Bifacial EcoFlow &#8226; Crea tu Camper","robots":{"index":"index","follow":"follow","max-snippet":"max-snippet:-1","max-image-preview":"max-image-preview:large","max-video-preview":"max-video-preview:-1"},"canonical":"https:\/\/www.creatucamper.com\/pt-pt\/produto\/painel-solar-portatil-220w-12v-bifacial-ecoflow\/","og_locale":"pt_PT","og_type":"article","og_title":"Painel Solar Port\u00e1til 220W 12V Bifacial EcoFlow","og_description":"Design Bifacial 2 em 1: Lado frontal de 220W e posterior de 155W para um ganho de at\u00e9 25% na capta\u00e7\u00e3o solar.    Vidro Temperado de Alta Resist\u00eancia: Cinco vezes mais dur\u00e1vel do que pain\u00e9is convencionais e constru\u00eddo numa \u00fanica pe\u00e7a.    Ultra Port\u00e1til: Design compacto e leve, facilitando o transporte e a arruma\u00e7\u00e3o.    Prote\u00e7\u00e3o IP68: Totalmente resistente \u00e0 \u00e1gua e ao p\u00f3, preparado para as condi\u00e7\u00f5es meteorol\u00f3gicas mais exigentes.    Efici\u00eancia M\u00e1xima: Otimizado para funcionar com reguladores MPPT.","og_url":"https:\/\/www.creatucamper.com\/pt-pt\/produto\/painel-solar-portatil-220w-12v-bifacial-ecoflow\/","og_site_name":"Crea tu Camper","og_image":[{"width":250,"height":250,"url":"https:\/\/www.creatucamper.com\/wp-content\/uploads\/panel-solar-portatil-220w-12v-bifacial-ecoflow-thumb.webp","type":"image\/webp"}],"twitter_card":"summary_large_image","twitter_misc":{"Est. reading time":"1 minute"},"schema":{"@context":"https:\/\/schema.org","@graph":[{"@type":"WebPage","@id":"https:\/\/www.creatucamper.com\/pt-pt\/produto\/painel-solar-portatil-220w-12v-bifacial-ecoflow\/","url":"https:\/\/www.creatucamper.com\/pt-pt\/produto\/painel-solar-portatil-220w-12v-bifacial-ecoflow\/","name":"Painel Solar Port\u00e1til 220W 12V Bifacial EcoFlow &#8226; Crea tu Camper","isPartOf":{"@id":"https:\/\/www.creatucamper.com\/#website"},"primaryImageOfPage":{"@id":"https:\/\/www.creatucamper.com\/pt-pt\/produto\/painel-solar-portatil-220w-12v-bifacial-ecoflow\/#primaryimage"},"image":{"@id":"https:\/\/www.creatucamper.com\/pt-pt\/produto\/painel-solar-portatil-220w-12v-bifacial-ecoflow\/#primaryimage"},"thumbnailUrl":"https:\/\/www.creatucamper.com\/wp-content\/uploads\/panel-solar-portatil-220w-12v-bifacial-ecoflow-thumb.webp","datePublished":"2026-01-15T11:50:39+00:00","breadcrumb":{"@id":"https:\/\/www.creatucamper.com\/pt-pt\/produto\/painel-solar-portatil-220w-12v-bifacial-ecoflow\/#breadcrumb"},"inLanguage":"PT","potentialAction":[{"@type":"ReadAction","target":["https:\/\/www.creatucamper.com\/pt-pt\/produto\/painel-solar-portatil-220w-12v-bifacial-ecoflow\/"]}]},{"@type":"ImageObject","inLanguage":"PT","@id":"https:\/\/www.creatucamper.com\/pt-pt\/produto\/painel-solar-portatil-220w-12v-bifacial-ecoflow\/#primaryimage","url":"https:\/\/www.creatucamper.com\/wp-content\/uploads\/panel-solar-portatil-220w-12v-bifacial-ecoflow-thumb.webp","contentUrl":"https:\/\/www.creatucamper.com\/wp-content\/uploads\/panel-solar-portatil-220w-12v-bifacial-ecoflow-thumb.webp","width":250,"height":250},{"@type":"BreadcrumbList","@id":"https:\/\/www.creatucamper.com\/pt-pt\/produto\/painel-solar-portatil-220w-12v-bifacial-ecoflow\/#breadcrumb","itemListElement":[{"@type":"ListItem","position":1,"name":"Portada","item":"https:\/\/www.creatucamper.com\/"},{"@type":"ListItem","position":2,"name":"Loja","item":"https:\/\/www.creatucamper.com\/pt-pt\/loja\/"},{"@type":"ListItem","position":3,"name":"Painel Solar Port\u00e1til 220W 12V Bifacial EcoFlow"}]},{"@type":"WebSite","@id":"https:\/\/www.creatucamper.com\/#website","url":"https:\/\/www.creatucamper.com\/","name":"Crea tu Camper","description":"Especialistas en venta y camperizaci\u00f3n de furgonetas","publisher":{"@id":"https:\/\/www.creatucamper.com\/#organization"},"potentialAction":[{"@type":"SearchAction","target":{"@type":"EntryPoint","urlTemplate":"https:\/\/www.creatucamper.com\/?s={search_term_string}"},"query-input":{"@type":"PropertyValueSpecification","valueRequired":true,"valueName":"search_term_string"}}],"inLanguage":"PT"},{"@type":"Organization","@id":"https:\/\/www.creatucamper.com\/#organization","name":"Crea tu Camper","url":"https:\/\/www.creatucamper.com\/","logo":{"@type":"ImageObject","inLanguage":"PT","@id":"https:\/\/www.creatucamper.com\/#\/schema\/logo\/image\/","url":"https:\/\/www.creatucamper.com\/wp-content\/uploads\/LogoCreaTuCamperTransparente.png","contentUrl":"https:\/\/www.creatucamper.com\/wp-content\/uploads\/LogoCreaTuCamperTransparente.png","width":200,"height":191,"caption":"Crea tu Camper"},"image":{"@id":"https:\/\/www.creatucamper.com\/#\/schema\/logo\/image\/"}}]}},"_links":{"self":[{"href":"https:\/\/www.creatucamper.com\/pt-pt\/wp-json\/wp\/v2\/product\/3407","targetHints":{"allow":["GET"]}}],"collection":[{"href":"https:\/\/www.creatucamper.com\/pt-pt\/wp-json\/wp\/v2\/product"}],"about":[{"href":"https:\/\/www.creatucamper.com\/pt-pt\/wp-json\/wp\/v2\/types\/product"}],"replies":[{"embeddable":true,"href":"https:\/\/www.creatucamper.com\/pt-pt\/wp-json\/wp\/v2\/comments?post=3407"}],"wp:featuredmedia":[{"embeddable":true,"href":"https:\/\/www.creatucamper.com\/pt-pt\/wp-json\/wp\/v2\/media\/3409"}],"wp:attachment":[{"href":"https:\/\/www.creatucamper.com\/pt-pt\/wp-json\/wp\/v2\/media?parent=3407"}],"wp:term":[{"taxonomy":"product_brand","embeddable":true,"href":"https:\/\/www.creatucamper.com\/pt-pt\/wp-json\/wp\/v2\/product_brand?post=3407"},{"taxonomy":"product_cat","embeddable":true,"href":"https:\/\/www.creatucamper.com\/pt-pt\/wp-json\/wp\/v2\/product_cat?post=3407"},{"taxonomy":"product_tag","embeddable":true,"href":"https:\/\/www.creatucamper.com\/pt-pt\/wp-json\/wp\/v2\/product_tag?post=3407"}],"curies":[{"name":"wp","href":"https:\/\/api.w.org\/{rel}","templated":true}]}}