{"id":3406,"date":"2026-01-15T12:35:43","date_gmt":"2026-01-15T11:35:43","guid":{"rendered":"https:\/\/www.creatucamper.com\/?post_type=product&#038;p=3406"},"modified":"2026-01-15T12:38:13","modified_gmt":"2026-01-15T11:38:13","slug":"suportes-de-paineis-solares-em-abs-para-caravanas","status":"publish","type":"product","link":"https:\/\/www.creatucamper.com\/pt-pt\/produto\/suportes-de-paineis-solares-em-abs-para-caravanas\/","title":{"rendered":"Suportes de Pain\u00e9is Solares em ABS para caravanas"},"content":{"rendered":"","protected":false},"excerpt":{"rendered":"<ul>\n<li>\n<p data-path-to-node=\"5,0,0\"><b data-path-to-node=\"5,0,0\" data-index-in-node=\"0\">Fabricados em pl\u00e1stico ABS resistente aos raios UV<\/b>, garantindo durabilidade ao ar livre.<\/p>\n<\/li>\n<li>\n<p data-path-to-node=\"5,1,0\"><b data-path-to-node=\"5,1,0\" data-index-in-node=\"0\">Design aerodin\u00e2mico<\/b>, ideal para reduzir a resist\u00eancia ao vento em caravanas e autocaravanas.<\/p>\n<\/li>\n<li>\n<p data-path-to-node=\"5,2,0\"><b data-path-to-node=\"5,2,0\" data-index-in-node=\"0\">Instala\u00e7\u00e3o sem furos<\/b>: podem ser fixados ao tejadilho com selante\/cola estrutural (como o Sikaflex).<\/p>\n<\/li>\n<li>\n<p data-path-to-node=\"5,3,0\"><b data-path-to-node=\"5,3,0\" data-index-in-node=\"0\">Compatibilidade universal<\/b> com diversos tamanhos de pain\u00e9is solares de moldura de alum\u00ednio.<\/p>\n<\/li>\n<li>\n<p data-path-to-node=\"5,4,0\"><b data-path-to-node=\"5,4,0\" data-index-in-node=\"0\">Criam uma caixa de ar<\/b> por baixo do painel, melhorando a ventila\u00e7\u00e3o e a efici\u00eancia energ\u00e9tica.<\/p>\n<\/li>\n<\/ul>\n","protected":false},"featured_media":3394,"comment_status":"closed","ping_status":"closed","template":"","meta":[],"product_brand":[],"product_cat":[75],"product_tag":[],"class_list":{"0":"post-3406","1":"product","2":"type-product","3":"status-publish","4":"has-post-thumbnail","6":"product_cat-sem-categoria","8":"first","9":"instock","10":"shipping-taxable","11":"purchasable","12":"product-type-simple"},"yoast_head":"<!-- This site is optimized with the Yoast SEO Premium plugin v18.2.1 (Yoast SEO v26.8) - https:\/\/yoast.com\/product\/yoast-seo-premium-wordpress\/ -->\n<title>Suportes de Pain\u00e9is Solares em ABS para caravanas &#8226; Crea tu Camper<\/title>\n<meta name=\"robots\" content=\"index, follow, max-snippet:-1, max-image-preview:large, max-video-preview:-1\" \/>\n<link rel=\"canonical\" href=\"https:\/\/www.creatucamper.com\/pt-pt\/produto\/suportes-de-paineis-solares-em-abs-para-caravanas\/\" \/>\n<meta property=\"og:locale\" content=\"pt_PT\" \/>\n<meta property=\"og:type\" content=\"article\" \/>\n<meta property=\"og:title\" content=\"Suportes de Pain\u00e9is Solares em ABS para caravanas\" \/>\n<meta property=\"og:description\" content=\"Fabricados em pl\u00e1stico ABS resistente aos raios UV, garantindo durabilidade ao ar livre.    Design aerodin\u00e2mico, ideal para reduzir a resist\u00eancia ao vento em caravanas e autocaravanas.    Instala\u00e7\u00e3o sem furos: podem ser fixados ao tejadilho com selante\/cola estrutural (como o Sikaflex).    Compatibilidade universal com diversos tamanhos de pain\u00e9is solares de moldura de alum\u00ednio.    Criam uma caixa de ar por baixo do painel, melhorando a ventila\u00e7\u00e3o e a efici\u00eancia energ\u00e9tica.\" \/>\n<meta property=\"og:url\" content=\"https:\/\/www.creatucamper.com\/pt-pt\/produto\/suportes-de-paineis-solares-em-abs-para-caravanas\/\" \/>\n<meta property=\"og:site_name\" content=\"Crea tu Camper\" \/>\n<meta property=\"article:modified_time\" content=\"2026-01-15T11:38:13+00:00\" \/>\n<meta property=\"og:image\" content=\"https:\/\/www.creatucamper.com\/wp-content\/uploads\/soporte-paneles-solares-abs-para-caravanas-thumb2x.webp\" \/>\n\t<meta property=\"og:image:width\" content=\"500\" \/>\n\t<meta property=\"og:image:height\" content=\"500\" \/>\n\t<meta property=\"og:image:type\" content=\"image\/webp\" \/>\n<meta name=\"twitter:card\" content=\"summary_large_image\" \/>\n<meta name=\"twitter:label1\" content=\"Est. reading time\" \/>\n\t<meta name=\"twitter:data1\" content=\"1 minute\" \/>\n<script type=\"application\/ld+json\" class=\"yoast-schema-graph\">{\"@context\":\"https:\/\/schema.org\",\"@graph\":[{\"@type\":\"WebPage\",\"@id\":\"https:\/\/www.creatucamper.com\/pt-pt\/produto\/suportes-de-paineis-solares-em-abs-para-caravanas\/\",\"url\":\"https:\/\/www.creatucamper.com\/pt-pt\/produto\/suportes-de-paineis-solares-em-abs-para-caravanas\/\",\"name\":\"Suportes de Pain\u00e9is Solares em ABS para caravanas &#8226; Crea tu Camper\",\"isPartOf\":{\"@id\":\"https:\/\/www.creatucamper.com\/#website\"},\"primaryImageOfPage\":{\"@id\":\"https:\/\/www.creatucamper.com\/pt-pt\/produto\/suportes-de-paineis-solares-em-abs-para-caravanas\/#primaryimage\"},\"image\":{\"@id\":\"https:\/\/www.creatucamper.com\/pt-pt\/produto\/suportes-de-paineis-solares-em-abs-para-caravanas\/#primaryimage\"},\"thumbnailUrl\":\"https:\/\/www.creatucamper.com\/wp-content\/uploads\/soporte-paneles-solares-abs-para-caravanas-thumb2x.webp\",\"datePublished\":\"2026-01-15T11:35:43+00:00\",\"dateModified\":\"2026-01-15T11:38:13+00:00\",\"breadcrumb\":{\"@id\":\"https:\/\/www.creatucamper.com\/pt-pt\/produto\/suportes-de-paineis-solares-em-abs-para-caravanas\/#breadcrumb\"},\"inLanguage\":\"PT\",\"potentialAction\":[{\"@type\":\"ReadAction\",\"target\":[\"https:\/\/www.creatucamper.com\/pt-pt\/produto\/suportes-de-paineis-solares-em-abs-para-caravanas\/\"]}]},{\"@type\":\"ImageObject\",\"inLanguage\":\"PT\",\"@id\":\"https:\/\/www.creatucamper.com\/pt-pt\/produto\/suportes-de-paineis-solares-em-abs-para-caravanas\/#primaryimage\",\"url\":\"https:\/\/www.creatucamper.com\/wp-content\/uploads\/soporte-paneles-solares-abs-para-caravanas-thumb2x.webp\",\"contentUrl\":\"https:\/\/www.creatucamper.com\/wp-content\/uploads\/soporte-paneles-solares-abs-para-caravanas-thumb2x.webp\",\"width\":500,\"height\":500},{\"@type\":\"BreadcrumbList\",\"@id\":\"https:\/\/www.creatucamper.com\/pt-pt\/produto\/suportes-de-paineis-solares-em-abs-para-caravanas\/#breadcrumb\",\"itemListElement\":[{\"@type\":\"ListItem\",\"position\":1,\"name\":\"Portada\",\"item\":\"https:\/\/www.creatucamper.com\/\"},{\"@type\":\"ListItem\",\"position\":2,\"name\":\"Loja\",\"item\":\"https:\/\/www.creatucamper.com\/pt-pt\/loja\/\"},{\"@type\":\"ListItem\",\"position\":3,\"name\":\"Suportes de Pain\u00e9is Solares em ABS para caravanas\"}]},{\"@type\":\"WebSite\",\"@id\":\"https:\/\/www.creatucamper.com\/#website\",\"url\":\"https:\/\/www.creatucamper.com\/\",\"name\":\"Crea tu Camper\",\"description\":\"Especialistas en venta y camperizaci\u00f3n de furgonetas\",\"publisher\":{\"@id\":\"https:\/\/www.creatucamper.com\/#organization\"},\"potentialAction\":[{\"@type\":\"SearchAction\",\"target\":{\"@type\":\"EntryPoint\",\"urlTemplate\":\"https:\/\/www.creatucamper.com\/?s={search_term_string}\"},\"query-input\":{\"@type\":\"PropertyValueSpecification\",\"valueRequired\":true,\"valueName\":\"search_term_string\"}}],\"inLanguage\":\"PT\"},{\"@type\":\"Organization\",\"@id\":\"https:\/\/www.creatucamper.com\/#organization\",\"name\":\"Crea tu Camper\",\"url\":\"https:\/\/www.creatucamper.com\/\",\"logo\":{\"@type\":\"ImageObject\",\"inLanguage\":\"PT\",\"@id\":\"https:\/\/www.creatucamper.com\/#\/schema\/logo\/image\/\",\"url\":\"https:\/\/www.creatucamper.com\/wp-content\/uploads\/LogoCreaTuCamperTransparente.png\",\"contentUrl\":\"https:\/\/www.creatucamper.com\/wp-content\/uploads\/LogoCreaTuCamperTransparente.png\",\"width\":200,\"height\":191,\"caption\":\"Crea tu Camper\"},\"image\":{\"@id\":\"https:\/\/www.creatucamper.com\/#\/schema\/logo\/image\/\"}}]}<\/script>\n<!-- \/ Yoast SEO Premium plugin. -->","yoast_head_json":{"title":"Suportes de Pain\u00e9is Solares em ABS para caravanas &#8226; Crea tu Camper","robots":{"index":"index","follow":"follow","max-snippet":"max-snippet:-1","max-image-preview":"max-image-preview:large","max-video-preview":"max-video-preview:-1"},"canonical":"https:\/\/www.creatucamper.com\/pt-pt\/produto\/suportes-de-paineis-solares-em-abs-para-caravanas\/","og_locale":"pt_PT","og_type":"article","og_title":"Suportes de Pain\u00e9is Solares em ABS para caravanas","og_description":"Fabricados em pl\u00e1stico ABS resistente aos raios UV, garantindo durabilidade ao ar livre.    Design aerodin\u00e2mico, ideal para reduzir a resist\u00eancia ao vento em caravanas e autocaravanas.    Instala\u00e7\u00e3o sem furos: podem ser fixados ao tejadilho com selante\/cola estrutural (como o Sikaflex).    Compatibilidade universal com diversos tamanhos de pain\u00e9is solares de moldura de alum\u00ednio.    Criam uma caixa de ar por baixo do painel, melhorando a ventila\u00e7\u00e3o e a efici\u00eancia energ\u00e9tica.","og_url":"https:\/\/www.creatucamper.com\/pt-pt\/produto\/suportes-de-paineis-solares-em-abs-para-caravanas\/","og_site_name":"Crea tu Camper","article_modified_time":"2026-01-15T11:38:13+00:00","og_image":[{"width":500,"height":500,"url":"https:\/\/www.creatucamper.com\/wp-content\/uploads\/soporte-paneles-solares-abs-para-caravanas-thumb2x.webp","type":"image\/webp"}],"twitter_card":"summary_large_image","twitter_misc":{"Est. reading time":"1 minute"},"schema":{"@context":"https:\/\/schema.org","@graph":[{"@type":"WebPage","@id":"https:\/\/www.creatucamper.com\/pt-pt\/produto\/suportes-de-paineis-solares-em-abs-para-caravanas\/","url":"https:\/\/www.creatucamper.com\/pt-pt\/produto\/suportes-de-paineis-solares-em-abs-para-caravanas\/","name":"Suportes de Pain\u00e9is Solares em ABS para caravanas &#8226; Crea tu Camper","isPartOf":{"@id":"https:\/\/www.creatucamper.com\/#website"},"primaryImageOfPage":{"@id":"https:\/\/www.creatucamper.com\/pt-pt\/produto\/suportes-de-paineis-solares-em-abs-para-caravanas\/#primaryimage"},"image":{"@id":"https:\/\/www.creatucamper.com\/pt-pt\/produto\/suportes-de-paineis-solares-em-abs-para-caravanas\/#primaryimage"},"thumbnailUrl":"https:\/\/www.creatucamper.com\/wp-content\/uploads\/soporte-paneles-solares-abs-para-caravanas-thumb2x.webp","datePublished":"2026-01-15T11:35:43+00:00","dateModified":"2026-01-15T11:38:13+00:00","breadcrumb":{"@id":"https:\/\/www.creatucamper.com\/pt-pt\/produto\/suportes-de-paineis-solares-em-abs-para-caravanas\/#breadcrumb"},"inLanguage":"PT","potentialAction":[{"@type":"ReadAction","target":["https:\/\/www.creatucamper.com\/pt-pt\/produto\/suportes-de-paineis-solares-em-abs-para-caravanas\/"]}]},{"@type":"ImageObject","inLanguage":"PT","@id":"https:\/\/www.creatucamper.com\/pt-pt\/produto\/suportes-de-paineis-solares-em-abs-para-caravanas\/#primaryimage","url":"https:\/\/www.creatucamper.com\/wp-content\/uploads\/soporte-paneles-solares-abs-para-caravanas-thumb2x.webp","contentUrl":"https:\/\/www.creatucamper.com\/wp-content\/uploads\/soporte-paneles-solares-abs-para-caravanas-thumb2x.webp","width":500,"height":500},{"@type":"BreadcrumbList","@id":"https:\/\/www.creatucamper.com\/pt-pt\/produto\/suportes-de-paineis-solares-em-abs-para-caravanas\/#breadcrumb","itemListElement":[{"@type":"ListItem","position":1,"name":"Portada","item":"https:\/\/www.creatucamper.com\/"},{"@type":"ListItem","position":2,"name":"Loja","item":"https:\/\/www.creatucamper.com\/pt-pt\/loja\/"},{"@type":"ListItem","position":3,"name":"Suportes de Pain\u00e9is Solares em ABS para caravanas"}]},{"@type":"WebSite","@id":"https:\/\/www.creatucamper.com\/#website","url":"https:\/\/www.creatucamper.com\/","name":"Crea tu Camper","description":"Especialistas en venta y camperizaci\u00f3n de furgonetas","publisher":{"@id":"https:\/\/www.creatucamper.com\/#organization"},"potentialAction":[{"@type":"SearchAction","target":{"@type":"EntryPoint","urlTemplate":"https:\/\/www.creatucamper.com\/?s={search_term_string}"},"query-input":{"@type":"PropertyValueSpecification","valueRequired":true,"valueName":"search_term_string"}}],"inLanguage":"PT"},{"@type":"Organization","@id":"https:\/\/www.creatucamper.com\/#organization","name":"Crea tu Camper","url":"https:\/\/www.creatucamper.com\/","logo":{"@type":"ImageObject","inLanguage":"PT","@id":"https:\/\/www.creatucamper.com\/#\/schema\/logo\/image\/","url":"https:\/\/www.creatucamper.com\/wp-content\/uploads\/LogoCreaTuCamperTransparente.png","contentUrl":"https:\/\/www.creatucamper.com\/wp-content\/uploads\/LogoCreaTuCamperTransparente.png","width":200,"height":191,"caption":"Crea tu Camper"},"image":{"@id":"https:\/\/www.creatucamper.com\/#\/schema\/logo\/image\/"}}]}},"_links":{"self":[{"href":"https:\/\/www.creatucamper.com\/pt-pt\/wp-json\/wp\/v2\/product\/3406","targetHints":{"allow":["GET"]}}],"collection":[{"href":"https:\/\/www.creatucamper.com\/pt-pt\/wp-json\/wp\/v2\/product"}],"about":[{"href":"https:\/\/www.creatucamper.com\/pt-pt\/wp-json\/wp\/v2\/types\/product"}],"replies":[{"embeddable":true,"href":"https:\/\/www.creatucamper.com\/pt-pt\/wp-json\/wp\/v2\/comments?post=3406"}],"wp:featuredmedia":[{"embeddable":true,"href":"https:\/\/www.creatucamper.com\/pt-pt\/wp-json\/wp\/v2\/media\/3394"}],"wp:attachment":[{"href":"https:\/\/www.creatucamper.com\/pt-pt\/wp-json\/wp\/v2\/media?parent=3406"}],"wp:term":[{"taxonomy":"product_brand","embeddable":true,"href":"https:\/\/www.creatucamper.com\/pt-pt\/wp-json\/wp\/v2\/product_brand?post=3406"},{"taxonomy":"product_cat","embeddable":true,"href":"https:\/\/www.creatucamper.com\/pt-pt\/wp-json\/wp\/v2\/product_cat?post=3406"},{"taxonomy":"product_tag","embeddable":true,"href":"https:\/\/www.creatucamper.com\/pt-pt\/wp-json\/wp\/v2\/product_tag?post=3406"}],"curies":[{"name":"wp","href":"https:\/\/api.w.org\/{rel}","templated":true}]}}