{"id":3405,"date":"2026-01-15T12:31:46","date_gmt":"2026-01-15T11:31:46","guid":{"rendered":"https:\/\/www.creatucamper.com\/?post_type=product&#038;p=3405"},"modified":"2026-01-15T12:31:46","modified_gmt":"2026-01-15T11:31:46","slug":"rolo-de-cabo-unifilar-6mm%c2%b2-h1z2z2-k-10m-vermelho","status":"publish","type":"product","link":"https:\/\/www.creatucamper.com\/pt-pt\/produto\/rolo-de-cabo-unifilar-6mm%c2%b2-h1z2z2-k-10m-vermelho\/","title":{"rendered":"Rolo de Cabo Unifilar 6mm\u00b2 H1Z2Z2-K 10m vermelho"},"content":{"rendered":"","protected":false},"excerpt":{"rendered":"<ul>\n<li>\n<p data-path-to-node=\"1,0,0\"><b data-path-to-node=\"1,0,0\" data-index-in-node=\"0\">Especial para instala\u00e7\u00f5es el\u00e9tricas<\/b>, garantindo m\u00e1xima seguran\u00e7a e desempenho.<\/p>\n<\/li>\n<li>\n<p data-path-to-node=\"1,1,0\"><b data-path-to-node=\"1,1,0\" data-index-in-node=\"0\">Cabo de pot\u00eancia isento de halog\u00e9neos<\/b>, que n\u00e3o emite gases t\u00f3xicos em caso de inc\u00eandio.<\/p>\n<\/li>\n<li>\n<p data-path-to-node=\"1,2,0\"><b data-path-to-node=\"1,2,0\" data-index-in-node=\"0\">Altamente flex\u00edvel<\/b>, facilitando a passagem por tubagens e espa\u00e7os reduzidos.<\/p>\n<\/li>\n<li>\n<p data-path-to-node=\"1,3,0\"><b data-path-to-node=\"1,3,0\" data-index-in-node=\"0\">Concebido para satisfazer os requisitos industriais mais exigentes<\/b>, assegurando uma longa vida \u00fatil.<\/p>\n<\/li>\n<\/ul>\n","protected":false},"featured_media":3397,"comment_status":"closed","ping_status":"closed","template":"","meta":[],"product_brand":[],"product_cat":[75],"product_tag":[],"class_list":{"0":"post-3405","1":"product","2":"type-product","3":"status-publish","4":"has-post-thumbnail","6":"product_cat-sem-categoria","8":"first","9":"instock","10":"shipping-taxable","11":"purchasable","12":"product-type-simple"},"yoast_head":"<!-- This site is optimized with the Yoast SEO Premium plugin v18.2.1 (Yoast SEO v26.8) - https:\/\/yoast.com\/product\/yoast-seo-premium-wordpress\/ -->\n<title>Rolo de Cabo Unifilar 6mm\u00b2 H1Z2Z2-K 10m vermelho &#8226; Crea tu Camper<\/title>\n<meta name=\"robots\" content=\"index, follow, max-snippet:-1, max-image-preview:large, max-video-preview:-1\" \/>\n<link rel=\"canonical\" href=\"https:\/\/www.creatucamper.com\/pt-pt\/produto\/rolo-de-cabo-unifilar-6mm\u00b2-h1z2z2-k-10m-vermelho\/\" \/>\n<meta property=\"og:locale\" content=\"pt_PT\" \/>\n<meta property=\"og:type\" content=\"article\" \/>\n<meta property=\"og:title\" content=\"Rolo de Cabo Unifilar 6mm\u00b2 H1Z2Z2-K 10m vermelho\" \/>\n<meta property=\"og:description\" content=\"Especial para instala\u00e7\u00f5es el\u00e9tricas, garantindo m\u00e1xima seguran\u00e7a e desempenho.    Cabo de pot\u00eancia isento de halog\u00e9neos, que n\u00e3o emite gases t\u00f3xicos em caso de inc\u00eandio.    Altamente flex\u00edvel, facilitando a passagem por tubagens e espa\u00e7os reduzidos.    Concebido para satisfazer os requisitos industriais mais exigentes, assegurando uma longa vida \u00fatil.\" \/>\n<meta property=\"og:url\" content=\"https:\/\/www.creatucamper.com\/pt-pt\/produto\/rolo-de-cabo-unifilar-6mm\u00b2-h1z2z2-k-10m-vermelho\/\" \/>\n<meta property=\"og:site_name\" content=\"Crea tu Camper\" \/>\n<meta property=\"og:image\" content=\"https:\/\/www.creatucamper.com\/wp-content\/uploads\/rollo-cable-unifilar-6mm2-h1z2z2-k-10m-rojo-thumb2x.webp\" \/>\n\t<meta property=\"og:image:width\" content=\"500\" \/>\n\t<meta property=\"og:image:height\" content=\"500\" \/>\n\t<meta property=\"og:image:type\" content=\"image\/webp\" \/>\n<meta name=\"twitter:card\" content=\"summary_large_image\" \/>\n<meta name=\"twitter:label1\" content=\"Est. reading time\" \/>\n\t<meta name=\"twitter:data1\" content=\"1 minute\" \/>\n<script type=\"application\/ld+json\" class=\"yoast-schema-graph\">{\"@context\":\"https:\/\/schema.org\",\"@graph\":[{\"@type\":\"WebPage\",\"@id\":\"https:\/\/www.creatucamper.com\/pt-pt\/produto\/rolo-de-cabo-unifilar-6mm%c2%b2-h1z2z2-k-10m-vermelho\/\",\"url\":\"https:\/\/www.creatucamper.com\/pt-pt\/produto\/rolo-de-cabo-unifilar-6mm%c2%b2-h1z2z2-k-10m-vermelho\/\",\"name\":\"Rolo de Cabo Unifilar 6mm\u00b2 H1Z2Z2-K 10m vermelho &#8226; Crea tu Camper\",\"isPartOf\":{\"@id\":\"https:\/\/www.creatucamper.com\/#website\"},\"primaryImageOfPage\":{\"@id\":\"https:\/\/www.creatucamper.com\/pt-pt\/produto\/rolo-de-cabo-unifilar-6mm%c2%b2-h1z2z2-k-10m-vermelho\/#primaryimage\"},\"image\":{\"@id\":\"https:\/\/www.creatucamper.com\/pt-pt\/produto\/rolo-de-cabo-unifilar-6mm%c2%b2-h1z2z2-k-10m-vermelho\/#primaryimage\"},\"thumbnailUrl\":\"https:\/\/www.creatucamper.com\/wp-content\/uploads\/rollo-cable-unifilar-6mm2-h1z2z2-k-10m-rojo-thumb2x.webp\",\"datePublished\":\"2026-01-15T11:31:46+00:00\",\"breadcrumb\":{\"@id\":\"https:\/\/www.creatucamper.com\/pt-pt\/produto\/rolo-de-cabo-unifilar-6mm%c2%b2-h1z2z2-k-10m-vermelho\/#breadcrumb\"},\"inLanguage\":\"PT\",\"potentialAction\":[{\"@type\":\"ReadAction\",\"target\":[\"https:\/\/www.creatucamper.com\/pt-pt\/produto\/rolo-de-cabo-unifilar-6mm%c2%b2-h1z2z2-k-10m-vermelho\/\"]}]},{\"@type\":\"ImageObject\",\"inLanguage\":\"PT\",\"@id\":\"https:\/\/www.creatucamper.com\/pt-pt\/produto\/rolo-de-cabo-unifilar-6mm%c2%b2-h1z2z2-k-10m-vermelho\/#primaryimage\",\"url\":\"https:\/\/www.creatucamper.com\/wp-content\/uploads\/rollo-cable-unifilar-6mm2-h1z2z2-k-10m-rojo-thumb2x.webp\",\"contentUrl\":\"https:\/\/www.creatucamper.com\/wp-content\/uploads\/rollo-cable-unifilar-6mm2-h1z2z2-k-10m-rojo-thumb2x.webp\",\"width\":500,\"height\":500},{\"@type\":\"BreadcrumbList\",\"@id\":\"https:\/\/www.creatucamper.com\/pt-pt\/produto\/rolo-de-cabo-unifilar-6mm%c2%b2-h1z2z2-k-10m-vermelho\/#breadcrumb\",\"itemListElement\":[{\"@type\":\"ListItem\",\"position\":1,\"name\":\"Portada\",\"item\":\"https:\/\/www.creatucamper.com\/\"},{\"@type\":\"ListItem\",\"position\":2,\"name\":\"Loja\",\"item\":\"https:\/\/www.creatucamper.com\/pt-pt\/loja\/\"},{\"@type\":\"ListItem\",\"position\":3,\"name\":\"Rolo de Cabo Unifilar 6mm\u00b2 H1Z2Z2-K 10m vermelho\"}]},{\"@type\":\"WebSite\",\"@id\":\"https:\/\/www.creatucamper.com\/#website\",\"url\":\"https:\/\/www.creatucamper.com\/\",\"name\":\"Crea tu Camper\",\"description\":\"Especialistas en venta y camperizaci\u00f3n de furgonetas\",\"publisher\":{\"@id\":\"https:\/\/www.creatucamper.com\/#organization\"},\"potentialAction\":[{\"@type\":\"SearchAction\",\"target\":{\"@type\":\"EntryPoint\",\"urlTemplate\":\"https:\/\/www.creatucamper.com\/?s={search_term_string}\"},\"query-input\":{\"@type\":\"PropertyValueSpecification\",\"valueRequired\":true,\"valueName\":\"search_term_string\"}}],\"inLanguage\":\"PT\"},{\"@type\":\"Organization\",\"@id\":\"https:\/\/www.creatucamper.com\/#organization\",\"name\":\"Crea tu Camper\",\"url\":\"https:\/\/www.creatucamper.com\/\",\"logo\":{\"@type\":\"ImageObject\",\"inLanguage\":\"PT\",\"@id\":\"https:\/\/www.creatucamper.com\/#\/schema\/logo\/image\/\",\"url\":\"https:\/\/www.creatucamper.com\/wp-content\/uploads\/LogoCreaTuCamperTransparente.png\",\"contentUrl\":\"https:\/\/www.creatucamper.com\/wp-content\/uploads\/LogoCreaTuCamperTransparente.png\",\"width\":200,\"height\":191,\"caption\":\"Crea tu Camper\"},\"image\":{\"@id\":\"https:\/\/www.creatucamper.com\/#\/schema\/logo\/image\/\"}}]}<\/script>\n<!-- \/ Yoast SEO Premium plugin. -->","yoast_head_json":{"title":"Rolo de Cabo Unifilar 6mm\u00b2 H1Z2Z2-K 10m vermelho &#8226; Crea tu Camper","robots":{"index":"index","follow":"follow","max-snippet":"max-snippet:-1","max-image-preview":"max-image-preview:large","max-video-preview":"max-video-preview:-1"},"canonical":"https:\/\/www.creatucamper.com\/pt-pt\/produto\/rolo-de-cabo-unifilar-6mm\u00b2-h1z2z2-k-10m-vermelho\/","og_locale":"pt_PT","og_type":"article","og_title":"Rolo de Cabo Unifilar 6mm\u00b2 H1Z2Z2-K 10m vermelho","og_description":"Especial para instala\u00e7\u00f5es el\u00e9tricas, garantindo m\u00e1xima seguran\u00e7a e desempenho.    Cabo de pot\u00eancia isento de halog\u00e9neos, que n\u00e3o emite gases t\u00f3xicos em caso de inc\u00eandio.    Altamente flex\u00edvel, facilitando a passagem por tubagens e espa\u00e7os reduzidos.    Concebido para satisfazer os requisitos industriais mais exigentes, assegurando uma longa vida \u00fatil.","og_url":"https:\/\/www.creatucamper.com\/pt-pt\/produto\/rolo-de-cabo-unifilar-6mm\u00b2-h1z2z2-k-10m-vermelho\/","og_site_name":"Crea tu Camper","og_image":[{"width":500,"height":500,"url":"https:\/\/www.creatucamper.com\/wp-content\/uploads\/rollo-cable-unifilar-6mm2-h1z2z2-k-10m-rojo-thumb2x.webp","type":"image\/webp"}],"twitter_card":"summary_large_image","twitter_misc":{"Est. reading time":"1 minute"},"schema":{"@context":"https:\/\/schema.org","@graph":[{"@type":"WebPage","@id":"https:\/\/www.creatucamper.com\/pt-pt\/produto\/rolo-de-cabo-unifilar-6mm%c2%b2-h1z2z2-k-10m-vermelho\/","url":"https:\/\/www.creatucamper.com\/pt-pt\/produto\/rolo-de-cabo-unifilar-6mm%c2%b2-h1z2z2-k-10m-vermelho\/","name":"Rolo de Cabo Unifilar 6mm\u00b2 H1Z2Z2-K 10m vermelho &#8226; Crea tu Camper","isPartOf":{"@id":"https:\/\/www.creatucamper.com\/#website"},"primaryImageOfPage":{"@id":"https:\/\/www.creatucamper.com\/pt-pt\/produto\/rolo-de-cabo-unifilar-6mm%c2%b2-h1z2z2-k-10m-vermelho\/#primaryimage"},"image":{"@id":"https:\/\/www.creatucamper.com\/pt-pt\/produto\/rolo-de-cabo-unifilar-6mm%c2%b2-h1z2z2-k-10m-vermelho\/#primaryimage"},"thumbnailUrl":"https:\/\/www.creatucamper.com\/wp-content\/uploads\/rollo-cable-unifilar-6mm2-h1z2z2-k-10m-rojo-thumb2x.webp","datePublished":"2026-01-15T11:31:46+00:00","breadcrumb":{"@id":"https:\/\/www.creatucamper.com\/pt-pt\/produto\/rolo-de-cabo-unifilar-6mm%c2%b2-h1z2z2-k-10m-vermelho\/#breadcrumb"},"inLanguage":"PT","potentialAction":[{"@type":"ReadAction","target":["https:\/\/www.creatucamper.com\/pt-pt\/produto\/rolo-de-cabo-unifilar-6mm%c2%b2-h1z2z2-k-10m-vermelho\/"]}]},{"@type":"ImageObject","inLanguage":"PT","@id":"https:\/\/www.creatucamper.com\/pt-pt\/produto\/rolo-de-cabo-unifilar-6mm%c2%b2-h1z2z2-k-10m-vermelho\/#primaryimage","url":"https:\/\/www.creatucamper.com\/wp-content\/uploads\/rollo-cable-unifilar-6mm2-h1z2z2-k-10m-rojo-thumb2x.webp","contentUrl":"https:\/\/www.creatucamper.com\/wp-content\/uploads\/rollo-cable-unifilar-6mm2-h1z2z2-k-10m-rojo-thumb2x.webp","width":500,"height":500},{"@type":"BreadcrumbList","@id":"https:\/\/www.creatucamper.com\/pt-pt\/produto\/rolo-de-cabo-unifilar-6mm%c2%b2-h1z2z2-k-10m-vermelho\/#breadcrumb","itemListElement":[{"@type":"ListItem","position":1,"name":"Portada","item":"https:\/\/www.creatucamper.com\/"},{"@type":"ListItem","position":2,"name":"Loja","item":"https:\/\/www.creatucamper.com\/pt-pt\/loja\/"},{"@type":"ListItem","position":3,"name":"Rolo de Cabo Unifilar 6mm\u00b2 H1Z2Z2-K 10m vermelho"}]},{"@type":"WebSite","@id":"https:\/\/www.creatucamper.com\/#website","url":"https:\/\/www.creatucamper.com\/","name":"Crea tu Camper","description":"Especialistas en venta y camperizaci\u00f3n de furgonetas","publisher":{"@id":"https:\/\/www.creatucamper.com\/#organization"},"potentialAction":[{"@type":"SearchAction","target":{"@type":"EntryPoint","urlTemplate":"https:\/\/www.creatucamper.com\/?s={search_term_string}"},"query-input":{"@type":"PropertyValueSpecification","valueRequired":true,"valueName":"search_term_string"}}],"inLanguage":"PT"},{"@type":"Organization","@id":"https:\/\/www.creatucamper.com\/#organization","name":"Crea tu Camper","url":"https:\/\/www.creatucamper.com\/","logo":{"@type":"ImageObject","inLanguage":"PT","@id":"https:\/\/www.creatucamper.com\/#\/schema\/logo\/image\/","url":"https:\/\/www.creatucamper.com\/wp-content\/uploads\/LogoCreaTuCamperTransparente.png","contentUrl":"https:\/\/www.creatucamper.com\/wp-content\/uploads\/LogoCreaTuCamperTransparente.png","width":200,"height":191,"caption":"Crea tu Camper"},"image":{"@id":"https:\/\/www.creatucamper.com\/#\/schema\/logo\/image\/"}}]}},"_links":{"self":[{"href":"https:\/\/www.creatucamper.com\/pt-pt\/wp-json\/wp\/v2\/product\/3405","targetHints":{"allow":["GET"]}}],"collection":[{"href":"https:\/\/www.creatucamper.com\/pt-pt\/wp-json\/wp\/v2\/product"}],"about":[{"href":"https:\/\/www.creatucamper.com\/pt-pt\/wp-json\/wp\/v2\/types\/product"}],"replies":[{"embeddable":true,"href":"https:\/\/www.creatucamper.com\/pt-pt\/wp-json\/wp\/v2\/comments?post=3405"}],"wp:featuredmedia":[{"embeddable":true,"href":"https:\/\/www.creatucamper.com\/pt-pt\/wp-json\/wp\/v2\/media\/3397"}],"wp:attachment":[{"href":"https:\/\/www.creatucamper.com\/pt-pt\/wp-json\/wp\/v2\/media?parent=3405"}],"wp:term":[{"taxonomy":"product_brand","embeddable":true,"href":"https:\/\/www.creatucamper.com\/pt-pt\/wp-json\/wp\/v2\/product_brand?post=3405"},{"taxonomy":"product_cat","embeddable":true,"href":"https:\/\/www.creatucamper.com\/pt-pt\/wp-json\/wp\/v2\/product_cat?post=3405"},{"taxonomy":"product_tag","embeddable":true,"href":"https:\/\/www.creatucamper.com\/pt-pt\/wp-json\/wp\/v2\/product_tag?post=3405"}],"curies":[{"name":"wp","href":"https:\/\/api.w.org\/{rel}","templated":true}]}}