{"id":3403,"date":"2026-01-15T12:24:14","date_gmt":"2026-01-15T11:24:14","guid":{"rendered":"https:\/\/www.creatucamper.com\/?post_type=product&#038;p=3403"},"modified":"2026-02-10T14:04:27","modified_gmt":"2026-02-10T13:04:27","slug":"regulador-mppt-75v-15a-victron-smartsolar","status":"publish","type":"product","link":"https:\/\/www.creatucamper.com\/pt-pt\/produto\/regulador-mppt-75v-15a-victron-smartsolar\/","title":{"rendered":"Regulador MPPT 75V 15A"},"content":{"rendered":"","protected":false},"excerpt":{"rendered":"<ul>\n<li>\n<p data-path-to-node=\"5,0,0\"><b data-path-to-node=\"5,0,0\" data-index-in-node=\"0\">Corrente de carga nominal:<\/b> 15A<\/p>\n<\/li>\n<li>\n<p data-path-to-node=\"5,1,0\"><b data-path-to-node=\"5,1,0\" data-index-in-node=\"0\">Tens\u00e3o m\u00e1xima em circuito aberto (fotovoltaico):<\/b> 75V<\/p>\n<\/li>\n<li>\n<p data-path-to-node=\"5,2,0\"><b data-path-to-node=\"5,2,0\" data-index-in-node=\"0\"><span class=\"citation-17\">Efici\u00eancia m\u00e1xima:<\/span><\/b><span class=\"citation-17 citation-end-17\"> 98%<\/span><\/p>\n<\/li>\n<li>\n<p data-path-to-node=\"5,3,0\"><b data-path-to-node=\"5,3,0\" data-index-in-node=\"0\">Consumo pr\u00f3prio:<\/b> 10mA<\/p>\n<\/li>\n<li>\n<p data-path-to-node=\"5,4,0\"><b data-path-to-node=\"5,4,0\" data-index-in-node=\"0\"><span class=\"citation-16\">Algoritmo de carga:<\/span><\/b><span class=\"citation-16 citation-end-16\"> Adaptativo de v\u00e1rias etapas.<\/span><\/p>\n<\/li>\n<li>\n<p data-path-to-node=\"5,5,0\"><b data-path-to-node=\"5,5,0\" data-index-in-node=\"0\">Comunica\u00e7\u00e3o:<\/b> Bluetooth Smart integrado (sem necessidade de dongle).<\/p>\n<\/li>\n<\/ul>\n","protected":false},"featured_media":3473,"comment_status":"closed","ping_status":"closed","template":"","meta":[],"product_brand":[],"product_cat":[75],"product_tag":[],"class_list":{"0":"post-3403","1":"product","2":"type-product","3":"status-publish","4":"has-post-thumbnail","6":"product_cat-sem-categoria","8":"first","9":"instock","10":"shipping-taxable","11":"purchasable","12":"product-type-simple"},"yoast_head":"<!-- This site is optimized with the Yoast SEO Premium plugin v18.2.1 (Yoast SEO v26.8) - https:\/\/yoast.com\/product\/yoast-seo-premium-wordpress\/ -->\n<title>Regulador MPPT 75V 15A &#8226; Crea tu Camper<\/title>\n<meta name=\"robots\" content=\"index, follow, max-snippet:-1, max-image-preview:large, max-video-preview:-1\" \/>\n<link rel=\"canonical\" href=\"https:\/\/www.creatucamper.com\/pt-pt\/produto\/regulador-mppt-75v-15a-victron-smartsolar\/\" \/>\n<meta property=\"og:locale\" content=\"pt_PT\" \/>\n<meta property=\"og:type\" content=\"article\" \/>\n<meta property=\"og:title\" content=\"Regulador MPPT 75V 15A\" \/>\n<meta property=\"og:description\" content=\"Corrente de carga nominal: 15A    Tens\u00e3o m\u00e1xima em circuito aberto (fotovoltaico): 75V    Efici\u00eancia m\u00e1xima: 98%    Consumo pr\u00f3prio: 10mA    Algoritmo de carga: Adaptativo de v\u00e1rias etapas.    Comunica\u00e7\u00e3o: Bluetooth Smart integrado (sem necessidade de dongle).\" \/>\n<meta property=\"og:url\" content=\"https:\/\/www.creatucamper.com\/pt-pt\/produto\/regulador-mppt-75v-15a-victron-smartsolar\/\" \/>\n<meta property=\"og:site_name\" content=\"Crea tu Camper\" \/>\n<meta property=\"article:modified_time\" content=\"2026-02-10T13:04:27+00:00\" \/>\n<meta property=\"og:image\" content=\"https:\/\/www.creatucamper.com\/wp-content\/uploads\/regulador-pwn-75v.png\" \/>\n\t<meta property=\"og:image:width\" content=\"250\" \/>\n\t<meta property=\"og:image:height\" content=\"250\" \/>\n\t<meta property=\"og:image:type\" content=\"image\/png\" \/>\n<meta name=\"twitter:card\" content=\"summary_large_image\" \/>\n<meta name=\"twitter:label1\" content=\"Est. reading time\" \/>\n\t<meta name=\"twitter:data1\" content=\"1 minute\" \/>\n<script type=\"application\/ld+json\" class=\"yoast-schema-graph\">{\"@context\":\"https:\/\/schema.org\",\"@graph\":[{\"@type\":\"WebPage\",\"@id\":\"https:\/\/www.creatucamper.com\/pt-pt\/produto\/regulador-mppt-75v-15a-victron-smartsolar\/\",\"url\":\"https:\/\/www.creatucamper.com\/pt-pt\/produto\/regulador-mppt-75v-15a-victron-smartsolar\/\",\"name\":\"Regulador MPPT 75V 15A &#8226; Crea tu Camper\",\"isPartOf\":{\"@id\":\"https:\/\/www.creatucamper.com\/#website\"},\"primaryImageOfPage\":{\"@id\":\"https:\/\/www.creatucamper.com\/pt-pt\/produto\/regulador-mppt-75v-15a-victron-smartsolar\/#primaryimage\"},\"image\":{\"@id\":\"https:\/\/www.creatucamper.com\/pt-pt\/produto\/regulador-mppt-75v-15a-victron-smartsolar\/#primaryimage\"},\"thumbnailUrl\":\"https:\/\/www.creatucamper.com\/wp-content\/uploads\/regulador-pwn-75v.png\",\"datePublished\":\"2026-01-15T11:24:14+00:00\",\"dateModified\":\"2026-02-10T13:04:27+00:00\",\"breadcrumb\":{\"@id\":\"https:\/\/www.creatucamper.com\/pt-pt\/produto\/regulador-mppt-75v-15a-victron-smartsolar\/#breadcrumb\"},\"inLanguage\":\"PT\",\"potentialAction\":[{\"@type\":\"ReadAction\",\"target\":[\"https:\/\/www.creatucamper.com\/pt-pt\/produto\/regulador-mppt-75v-15a-victron-smartsolar\/\"]}]},{\"@type\":\"ImageObject\",\"inLanguage\":\"PT\",\"@id\":\"https:\/\/www.creatucamper.com\/pt-pt\/produto\/regulador-mppt-75v-15a-victron-smartsolar\/#primaryimage\",\"url\":\"https:\/\/www.creatucamper.com\/wp-content\/uploads\/regulador-pwn-75v.png\",\"contentUrl\":\"https:\/\/www.creatucamper.com\/wp-content\/uploads\/regulador-pwn-75v.png\",\"width\":250,\"height\":250},{\"@type\":\"BreadcrumbList\",\"@id\":\"https:\/\/www.creatucamper.com\/pt-pt\/produto\/regulador-mppt-75v-15a-victron-smartsolar\/#breadcrumb\",\"itemListElement\":[{\"@type\":\"ListItem\",\"position\":1,\"name\":\"Portada\",\"item\":\"https:\/\/www.creatucamper.com\/\"},{\"@type\":\"ListItem\",\"position\":2,\"name\":\"Loja\",\"item\":\"https:\/\/www.creatucamper.com\/pt-pt\/loja\/\"},{\"@type\":\"ListItem\",\"position\":3,\"name\":\"Regulador MPPT 75V 15A\"}]},{\"@type\":\"WebSite\",\"@id\":\"https:\/\/www.creatucamper.com\/#website\",\"url\":\"https:\/\/www.creatucamper.com\/\",\"name\":\"Crea tu Camper\",\"description\":\"Especialistas en venta y camperizaci\u00f3n de furgonetas\",\"publisher\":{\"@id\":\"https:\/\/www.creatucamper.com\/#organization\"},\"potentialAction\":[{\"@type\":\"SearchAction\",\"target\":{\"@type\":\"EntryPoint\",\"urlTemplate\":\"https:\/\/www.creatucamper.com\/?s={search_term_string}\"},\"query-input\":{\"@type\":\"PropertyValueSpecification\",\"valueRequired\":true,\"valueName\":\"search_term_string\"}}],\"inLanguage\":\"PT\"},{\"@type\":\"Organization\",\"@id\":\"https:\/\/www.creatucamper.com\/#organization\",\"name\":\"Crea tu Camper\",\"url\":\"https:\/\/www.creatucamper.com\/\",\"logo\":{\"@type\":\"ImageObject\",\"inLanguage\":\"PT\",\"@id\":\"https:\/\/www.creatucamper.com\/#\/schema\/logo\/image\/\",\"url\":\"https:\/\/www.creatucamper.com\/wp-content\/uploads\/LogoCreaTuCamperTransparente.png\",\"contentUrl\":\"https:\/\/www.creatucamper.com\/wp-content\/uploads\/LogoCreaTuCamperTransparente.png\",\"width\":200,\"height\":191,\"caption\":\"Crea tu Camper\"},\"image\":{\"@id\":\"https:\/\/www.creatucamper.com\/#\/schema\/logo\/image\/\"}}]}<\/script>\n<!-- \/ Yoast SEO Premium plugin. -->","yoast_head_json":{"title":"Regulador MPPT 75V 15A &#8226; Crea tu Camper","robots":{"index":"index","follow":"follow","max-snippet":"max-snippet:-1","max-image-preview":"max-image-preview:large","max-video-preview":"max-video-preview:-1"},"canonical":"https:\/\/www.creatucamper.com\/pt-pt\/produto\/regulador-mppt-75v-15a-victron-smartsolar\/","og_locale":"pt_PT","og_type":"article","og_title":"Regulador MPPT 75V 15A","og_description":"Corrente de carga nominal: 15A    Tens\u00e3o m\u00e1xima em circuito aberto (fotovoltaico): 75V    Efici\u00eancia m\u00e1xima: 98%    Consumo pr\u00f3prio: 10mA    Algoritmo de carga: Adaptativo de v\u00e1rias etapas.    Comunica\u00e7\u00e3o: Bluetooth Smart integrado (sem necessidade de dongle).","og_url":"https:\/\/www.creatucamper.com\/pt-pt\/produto\/regulador-mppt-75v-15a-victron-smartsolar\/","og_site_name":"Crea tu Camper","article_modified_time":"2026-02-10T13:04:27+00:00","og_image":[{"width":250,"height":250,"url":"https:\/\/www.creatucamper.com\/wp-content\/uploads\/regulador-pwn-75v.png","type":"image\/png"}],"twitter_card":"summary_large_image","twitter_misc":{"Est. reading time":"1 minute"},"schema":{"@context":"https:\/\/schema.org","@graph":[{"@type":"WebPage","@id":"https:\/\/www.creatucamper.com\/pt-pt\/produto\/regulador-mppt-75v-15a-victron-smartsolar\/","url":"https:\/\/www.creatucamper.com\/pt-pt\/produto\/regulador-mppt-75v-15a-victron-smartsolar\/","name":"Regulador MPPT 75V 15A &#8226; Crea tu Camper","isPartOf":{"@id":"https:\/\/www.creatucamper.com\/#website"},"primaryImageOfPage":{"@id":"https:\/\/www.creatucamper.com\/pt-pt\/produto\/regulador-mppt-75v-15a-victron-smartsolar\/#primaryimage"},"image":{"@id":"https:\/\/www.creatucamper.com\/pt-pt\/produto\/regulador-mppt-75v-15a-victron-smartsolar\/#primaryimage"},"thumbnailUrl":"https:\/\/www.creatucamper.com\/wp-content\/uploads\/regulador-pwn-75v.png","datePublished":"2026-01-15T11:24:14+00:00","dateModified":"2026-02-10T13:04:27+00:00","breadcrumb":{"@id":"https:\/\/www.creatucamper.com\/pt-pt\/produto\/regulador-mppt-75v-15a-victron-smartsolar\/#breadcrumb"},"inLanguage":"PT","potentialAction":[{"@type":"ReadAction","target":["https:\/\/www.creatucamper.com\/pt-pt\/produto\/regulador-mppt-75v-15a-victron-smartsolar\/"]}]},{"@type":"ImageObject","inLanguage":"PT","@id":"https:\/\/www.creatucamper.com\/pt-pt\/produto\/regulador-mppt-75v-15a-victron-smartsolar\/#primaryimage","url":"https:\/\/www.creatucamper.com\/wp-content\/uploads\/regulador-pwn-75v.png","contentUrl":"https:\/\/www.creatucamper.com\/wp-content\/uploads\/regulador-pwn-75v.png","width":250,"height":250},{"@type":"BreadcrumbList","@id":"https:\/\/www.creatucamper.com\/pt-pt\/produto\/regulador-mppt-75v-15a-victron-smartsolar\/#breadcrumb","itemListElement":[{"@type":"ListItem","position":1,"name":"Portada","item":"https:\/\/www.creatucamper.com\/"},{"@type":"ListItem","position":2,"name":"Loja","item":"https:\/\/www.creatucamper.com\/pt-pt\/loja\/"},{"@type":"ListItem","position":3,"name":"Regulador MPPT 75V 15A"}]},{"@type":"WebSite","@id":"https:\/\/www.creatucamper.com\/#website","url":"https:\/\/www.creatucamper.com\/","name":"Crea tu Camper","description":"Especialistas en venta y camperizaci\u00f3n de furgonetas","publisher":{"@id":"https:\/\/www.creatucamper.com\/#organization"},"potentialAction":[{"@type":"SearchAction","target":{"@type":"EntryPoint","urlTemplate":"https:\/\/www.creatucamper.com\/?s={search_term_string}"},"query-input":{"@type":"PropertyValueSpecification","valueRequired":true,"valueName":"search_term_string"}}],"inLanguage":"PT"},{"@type":"Organization","@id":"https:\/\/www.creatucamper.com\/#organization","name":"Crea tu Camper","url":"https:\/\/www.creatucamper.com\/","logo":{"@type":"ImageObject","inLanguage":"PT","@id":"https:\/\/www.creatucamper.com\/#\/schema\/logo\/image\/","url":"https:\/\/www.creatucamper.com\/wp-content\/uploads\/LogoCreaTuCamperTransparente.png","contentUrl":"https:\/\/www.creatucamper.com\/wp-content\/uploads\/LogoCreaTuCamperTransparente.png","width":200,"height":191,"caption":"Crea tu Camper"},"image":{"@id":"https:\/\/www.creatucamper.com\/#\/schema\/logo\/image\/"}}]}},"_links":{"self":[{"href":"https:\/\/www.creatucamper.com\/pt-pt\/wp-json\/wp\/v2\/product\/3403","targetHints":{"allow":["GET"]}}],"collection":[{"href":"https:\/\/www.creatucamper.com\/pt-pt\/wp-json\/wp\/v2\/product"}],"about":[{"href":"https:\/\/www.creatucamper.com\/pt-pt\/wp-json\/wp\/v2\/types\/product"}],"replies":[{"embeddable":true,"href":"https:\/\/www.creatucamper.com\/pt-pt\/wp-json\/wp\/v2\/comments?post=3403"}],"wp:featuredmedia":[{"embeddable":true,"href":"https:\/\/www.creatucamper.com\/pt-pt\/wp-json\/wp\/v2\/media\/3473"}],"wp:attachment":[{"href":"https:\/\/www.creatucamper.com\/pt-pt\/wp-json\/wp\/v2\/media?parent=3403"}],"wp:term":[{"taxonomy":"product_brand","embeddable":true,"href":"https:\/\/www.creatucamper.com\/pt-pt\/wp-json\/wp\/v2\/product_brand?post=3403"},{"taxonomy":"product_cat","embeddable":true,"href":"https:\/\/www.creatucamper.com\/pt-pt\/wp-json\/wp\/v2\/product_cat?post=3403"},{"taxonomy":"product_tag","embeddable":true,"href":"https:\/\/www.creatucamper.com\/pt-pt\/wp-json\/wp\/v2\/product_tag?post=3403"}],"curies":[{"name":"wp","href":"https:\/\/api.w.org\/{rel}","templated":true}]}}