{"id":3387,"date":"2026-01-15T11:31:31","date_gmt":"2026-01-15T10:31:31","guid":{"rendered":"https:\/\/www.creatucamper.com\/?post_type=product&#038;p=3387"},"modified":"2026-02-10T13:53:30","modified_gmt":"2026-02-10T12:53:30","slug":"painel-solar-flexivel","status":"publish","type":"product","link":"https:\/\/www.creatucamper.com\/pt-pt\/produto\/painel-solar-flexivel\/","title":{"rendered":"Painel Solar"},"content":{"rendered":"","protected":false},"excerpt":{"rendered":"<blockquote data-path-to-node=\"1\">\n<ul data-path-to-node=\"1,0\">\n<li>\n<p data-path-to-node=\"1,0,0,0\"><b data-path-to-node=\"1,0,0,0\" data-index-in-node=\"0\">Pesa apenas 5,1 lb (2,3 kg), \u00e9 extremamente leve<\/b><\/p>\n<\/li>\n<li>\n<p data-path-to-node=\"1,0,1,0\"><b data-path-to-node=\"1,0,1,0\" data-index-in-node=\"0\">Flexibilidade de 258\u00b0, adapta-se a qualquer superf\u00edcie<\/b><\/p>\n<\/li>\n<li>\n<p data-path-to-node=\"1,0,2,0\"><b data-path-to-node=\"1,0,2,0\" data-index-in-node=\"0\">Prote\u00e7\u00e3o IP68 contra a \u00e1gua<\/b><\/p>\n<\/li>\n<li>\n<p data-path-to-node=\"1,0,3,0\"><b data-path-to-node=\"1,0,3,0\" data-index-in-node=\"0\">Universalmente compat\u00edvel<\/b><\/p>\n<\/li>\n<\/ul>\n<\/blockquote>\n","protected":false},"featured_media":3380,"comment_status":"closed","ping_status":"closed","template":"","meta":[],"product_brand":[],"product_cat":[75],"product_tag":[],"class_list":{"0":"post-3387","1":"product","2":"type-product","3":"status-publish","4":"has-post-thumbnail","6":"product_cat-sem-categoria","8":"first","9":"instock","10":"shipping-taxable","11":"purchasable","12":"product-type-simple"},"yoast_head":"<!-- This site is optimized with the Yoast SEO Premium plugin v18.2.1 (Yoast SEO v26.8) - https:\/\/yoast.com\/product\/yoast-seo-premium-wordpress\/ -->\n<title>Painel Solar &#8226; Crea tu Camper<\/title>\n<meta name=\"robots\" content=\"noindex, nofollow\" \/>\n<meta property=\"og:locale\" content=\"pt_PT\" \/>\n<meta property=\"og:type\" content=\"article\" \/>\n<meta property=\"og:title\" content=\"Painel Solar\" \/>\n<meta property=\"og:description\" content=\"Pesa apenas 5,1 lb (2,3 kg), \u00e9 extremamente leve    Flexibilidade de 258\u00b0, adapta-se a qualquer superf\u00edcie    Prote\u00e7\u00e3o IP68 contra a \u00e1gua    Universalmente compat\u00edvel\" \/>\n<meta property=\"og:url\" content=\"https:\/\/www.creatucamper.com\/pt-pt\/produto\/painel-solar-flexivel\/\" \/>\n<meta property=\"og:site_name\" content=\"Crea tu Camper\" \/>\n<meta property=\"article:modified_time\" content=\"2026-02-10T12:53:30+00:00\" \/>\n<meta property=\"og:image\" content=\"https:\/\/www.creatucamper.com\/wp-content\/uploads\/panel-solar-flexible-ecoflow-100w-38982658031838_1066x-1.webp\" \/>\n\t<meta property=\"og:image:width\" content=\"1066\" \/>\n\t<meta property=\"og:image:height\" content=\"1066\" \/>\n\t<meta property=\"og:image:type\" content=\"image\/webp\" \/>\n<meta name=\"twitter:card\" content=\"summary_large_image\" \/>\n<meta name=\"twitter:label1\" content=\"Est. reading time\" \/>\n\t<meta name=\"twitter:data1\" content=\"1 minute\" \/>\n<script type=\"application\/ld+json\" class=\"yoast-schema-graph\">{\"@context\":\"https:\/\/schema.org\",\"@graph\":[{\"@type\":\"WebPage\",\"@id\":\"https:\/\/www.creatucamper.com\/pt-pt\/produto\/painel-solar-flexivel\/\",\"url\":\"https:\/\/www.creatucamper.com\/pt-pt\/produto\/painel-solar-flexivel\/\",\"name\":\"Painel Solar &#8226; Crea tu Camper\",\"isPartOf\":{\"@id\":\"https:\/\/www.creatucamper.com\/#website\"},\"primaryImageOfPage\":{\"@id\":\"https:\/\/www.creatucamper.com\/pt-pt\/produto\/painel-solar-flexivel\/#primaryimage\"},\"image\":{\"@id\":\"https:\/\/www.creatucamper.com\/pt-pt\/produto\/painel-solar-flexivel\/#primaryimage\"},\"thumbnailUrl\":\"https:\/\/www.creatucamper.com\/wp-content\/uploads\/panel-solar-flexible-ecoflow-100w-38982658031838_1066x-1.webp\",\"datePublished\":\"2026-01-15T10:31:31+00:00\",\"dateModified\":\"2026-02-10T12:53:30+00:00\",\"breadcrumb\":{\"@id\":\"https:\/\/www.creatucamper.com\/pt-pt\/produto\/painel-solar-flexivel\/#breadcrumb\"},\"inLanguage\":\"PT\",\"potentialAction\":[{\"@type\":\"ReadAction\",\"target\":[\"https:\/\/www.creatucamper.com\/pt-pt\/produto\/painel-solar-flexivel\/\"]}]},{\"@type\":\"ImageObject\",\"inLanguage\":\"PT\",\"@id\":\"https:\/\/www.creatucamper.com\/pt-pt\/produto\/painel-solar-flexivel\/#primaryimage\",\"url\":\"https:\/\/www.creatucamper.com\/wp-content\/uploads\/panel-solar-flexible-ecoflow-100w-38982658031838_1066x-1.webp\",\"contentUrl\":\"https:\/\/www.creatucamper.com\/wp-content\/uploads\/panel-solar-flexible-ecoflow-100w-38982658031838_1066x-1.webp\",\"width\":1066,\"height\":1066},{\"@type\":\"BreadcrumbList\",\"@id\":\"https:\/\/www.creatucamper.com\/pt-pt\/produto\/painel-solar-flexivel\/#breadcrumb\",\"itemListElement\":[{\"@type\":\"ListItem\",\"position\":1,\"name\":\"Portada\",\"item\":\"https:\/\/www.creatucamper.com\/\"},{\"@type\":\"ListItem\",\"position\":2,\"name\":\"Loja\",\"item\":\"https:\/\/www.creatucamper.com\/pt-pt\/loja\/\"},{\"@type\":\"ListItem\",\"position\":3,\"name\":\"Painel Solar\"}]},{\"@type\":\"WebSite\",\"@id\":\"https:\/\/www.creatucamper.com\/#website\",\"url\":\"https:\/\/www.creatucamper.com\/\",\"name\":\"Crea tu Camper\",\"description\":\"Especialistas en venta y camperizaci\u00f3n de furgonetas\",\"publisher\":{\"@id\":\"https:\/\/www.creatucamper.com\/#organization\"},\"potentialAction\":[{\"@type\":\"SearchAction\",\"target\":{\"@type\":\"EntryPoint\",\"urlTemplate\":\"https:\/\/www.creatucamper.com\/?s={search_term_string}\"},\"query-input\":{\"@type\":\"PropertyValueSpecification\",\"valueRequired\":true,\"valueName\":\"search_term_string\"}}],\"inLanguage\":\"PT\"},{\"@type\":\"Organization\",\"@id\":\"https:\/\/www.creatucamper.com\/#organization\",\"name\":\"Crea tu Camper\",\"url\":\"https:\/\/www.creatucamper.com\/\",\"logo\":{\"@type\":\"ImageObject\",\"inLanguage\":\"PT\",\"@id\":\"https:\/\/www.creatucamper.com\/#\/schema\/logo\/image\/\",\"url\":\"https:\/\/www.creatucamper.com\/wp-content\/uploads\/LogoCreaTuCamperTransparente.png\",\"contentUrl\":\"https:\/\/www.creatucamper.com\/wp-content\/uploads\/LogoCreaTuCamperTransparente.png\",\"width\":200,\"height\":191,\"caption\":\"Crea tu Camper\"},\"image\":{\"@id\":\"https:\/\/www.creatucamper.com\/#\/schema\/logo\/image\/\"}}]}<\/script>\n<!-- \/ Yoast SEO Premium plugin. -->","yoast_head_json":{"title":"Painel Solar &#8226; Crea tu Camper","robots":{"index":"noindex","follow":"nofollow"},"og_locale":"pt_PT","og_type":"article","og_title":"Painel Solar","og_description":"Pesa apenas 5,1 lb (2,3 kg), \u00e9 extremamente leve    Flexibilidade de 258\u00b0, adapta-se a qualquer superf\u00edcie    Prote\u00e7\u00e3o IP68 contra a \u00e1gua    Universalmente compat\u00edvel","og_url":"https:\/\/www.creatucamper.com\/pt-pt\/produto\/painel-solar-flexivel\/","og_site_name":"Crea tu Camper","article_modified_time":"2026-02-10T12:53:30+00:00","og_image":[{"width":1066,"height":1066,"url":"https:\/\/www.creatucamper.com\/wp-content\/uploads\/panel-solar-flexible-ecoflow-100w-38982658031838_1066x-1.webp","type":"image\/webp"}],"twitter_card":"summary_large_image","twitter_misc":{"Est. reading time":"1 minute"},"schema":{"@context":"https:\/\/schema.org","@graph":[{"@type":"WebPage","@id":"https:\/\/www.creatucamper.com\/pt-pt\/produto\/painel-solar-flexivel\/","url":"https:\/\/www.creatucamper.com\/pt-pt\/produto\/painel-solar-flexivel\/","name":"Painel Solar &#8226; Crea tu Camper","isPartOf":{"@id":"https:\/\/www.creatucamper.com\/#website"},"primaryImageOfPage":{"@id":"https:\/\/www.creatucamper.com\/pt-pt\/produto\/painel-solar-flexivel\/#primaryimage"},"image":{"@id":"https:\/\/www.creatucamper.com\/pt-pt\/produto\/painel-solar-flexivel\/#primaryimage"},"thumbnailUrl":"https:\/\/www.creatucamper.com\/wp-content\/uploads\/panel-solar-flexible-ecoflow-100w-38982658031838_1066x-1.webp","datePublished":"2026-01-15T10:31:31+00:00","dateModified":"2026-02-10T12:53:30+00:00","breadcrumb":{"@id":"https:\/\/www.creatucamper.com\/pt-pt\/produto\/painel-solar-flexivel\/#breadcrumb"},"inLanguage":"PT","potentialAction":[{"@type":"ReadAction","target":["https:\/\/www.creatucamper.com\/pt-pt\/produto\/painel-solar-flexivel\/"]}]},{"@type":"ImageObject","inLanguage":"PT","@id":"https:\/\/www.creatucamper.com\/pt-pt\/produto\/painel-solar-flexivel\/#primaryimage","url":"https:\/\/www.creatucamper.com\/wp-content\/uploads\/panel-solar-flexible-ecoflow-100w-38982658031838_1066x-1.webp","contentUrl":"https:\/\/www.creatucamper.com\/wp-content\/uploads\/panel-solar-flexible-ecoflow-100w-38982658031838_1066x-1.webp","width":1066,"height":1066},{"@type":"BreadcrumbList","@id":"https:\/\/www.creatucamper.com\/pt-pt\/produto\/painel-solar-flexivel\/#breadcrumb","itemListElement":[{"@type":"ListItem","position":1,"name":"Portada","item":"https:\/\/www.creatucamper.com\/"},{"@type":"ListItem","position":2,"name":"Loja","item":"https:\/\/www.creatucamper.com\/pt-pt\/loja\/"},{"@type":"ListItem","position":3,"name":"Painel Solar"}]},{"@type":"WebSite","@id":"https:\/\/www.creatucamper.com\/#website","url":"https:\/\/www.creatucamper.com\/","name":"Crea tu Camper","description":"Especialistas en venta y camperizaci\u00f3n de furgonetas","publisher":{"@id":"https:\/\/www.creatucamper.com\/#organization"},"potentialAction":[{"@type":"SearchAction","target":{"@type":"EntryPoint","urlTemplate":"https:\/\/www.creatucamper.com\/?s={search_term_string}"},"query-input":{"@type":"PropertyValueSpecification","valueRequired":true,"valueName":"search_term_string"}}],"inLanguage":"PT"},{"@type":"Organization","@id":"https:\/\/www.creatucamper.com\/#organization","name":"Crea tu Camper","url":"https:\/\/www.creatucamper.com\/","logo":{"@type":"ImageObject","inLanguage":"PT","@id":"https:\/\/www.creatucamper.com\/#\/schema\/logo\/image\/","url":"https:\/\/www.creatucamper.com\/wp-content\/uploads\/LogoCreaTuCamperTransparente.png","contentUrl":"https:\/\/www.creatucamper.com\/wp-content\/uploads\/LogoCreaTuCamperTransparente.png","width":200,"height":191,"caption":"Crea tu Camper"},"image":{"@id":"https:\/\/www.creatucamper.com\/#\/schema\/logo\/image\/"}}]}},"_links":{"self":[{"href":"https:\/\/www.creatucamper.com\/pt-pt\/wp-json\/wp\/v2\/product\/3387","targetHints":{"allow":["GET"]}}],"collection":[{"href":"https:\/\/www.creatucamper.com\/pt-pt\/wp-json\/wp\/v2\/product"}],"about":[{"href":"https:\/\/www.creatucamper.com\/pt-pt\/wp-json\/wp\/v2\/types\/product"}],"replies":[{"embeddable":true,"href":"https:\/\/www.creatucamper.com\/pt-pt\/wp-json\/wp\/v2\/comments?post=3387"}],"wp:featuredmedia":[{"embeddable":true,"href":"https:\/\/www.creatucamper.com\/pt-pt\/wp-json\/wp\/v2\/media\/3380"}],"wp:attachment":[{"href":"https:\/\/www.creatucamper.com\/pt-pt\/wp-json\/wp\/v2\/media?parent=3387"}],"wp:term":[{"taxonomy":"product_brand","embeddable":true,"href":"https:\/\/www.creatucamper.com\/pt-pt\/wp-json\/wp\/v2\/product_brand?post=3387"},{"taxonomy":"product_cat","embeddable":true,"href":"https:\/\/www.creatucamper.com\/pt-pt\/wp-json\/wp\/v2\/product_cat?post=3387"},{"taxonomy":"product_tag","embeddable":true,"href":"https:\/\/www.creatucamper.com\/pt-pt\/wp-json\/wp\/v2\/product_tag?post=3387"}],"curies":[{"name":"wp","href":"https:\/\/api.w.org\/{rel}","templated":true}]}}